{"id":137,"date":"2014-09-30T23:00:33","date_gmt":"2014-09-30T21:00:33","guid":{"rendered":"http:\/\/ortsabwesen.de\/?page_id=137"},"modified":"2014-09-30T23:04:56","modified_gmt":"2014-09-30T21:04:56","slug":"ueber-uns","status":"publish","type":"page","link":"http:\/\/ortsabwesen.de\/?page_id=137","title":{"rendered":"\u00dcber uns"},"content":{"rendered":"<p>WIR &#8211; Andreas, Julia und Horst-Angelika haben einen gemeinsamen Traum: die Nationalparks von Patagonien! Nach ausf\u00fchrlicher Recherche steht der Plan fest. Wir m\u00f6chten S\u00fcdamerika entlang der ber\u00fchmten Panamericana entdecken.<\/p>\n<p>&nbsp;<\/p>\n<figure id=\"attachment_195\" class=\"thumbnail wp-caption alignleft\" style=\"width: 210px\"><img loading=\"lazy\" decoding=\"async\" data-attachment-id=\"195\" data-permalink=\"http:\/\/ortsabwesen.de\/?attachment_id=195\" data-orig-file=\"https:\/\/i0.wp.com\/ortsabwesen.de\/wp-content\/uploads\/Aland-2013-5111.jpg?fit=512%2C768\" data-orig-size=\"512,768\" data-comments-opened=\"1\" data-image-meta=\"{&quot;aperture&quot;:&quot;5.6&quot;,&quot;credit&quot;:&quot;&quot;,&quot;camera&quot;:&quot;NIKON D3100&quot;,&quot;caption&quot;:&quot;&quot;,&quot;created_timestamp&quot;:&quot;1375878835&quot;,&quot;copyright&quot;:&quot;&quot;,&quot;focal_length&quot;:&quot;40&quot;,&quot;iso&quot;:&quot;100&quot;,&quot;shutter_speed&quot;:&quot;0.005&quot;,&quot;title&quot;:&quot;&quot;,&quot;orientation&quot;:&quot;1&quot;}\" data-image-title=\"Aland 2013 511\" data-image-description=\"\" data-image-caption=\"\" data-medium-file=\"https:\/\/i0.wp.com\/ortsabwesen.de\/wp-content\/uploads\/Aland-2013-5111.jpg?fit=180%2C270\" data-large-file=\"https:\/\/i0.wp.com\/ortsabwesen.de\/wp-content\/uploads\/Aland-2013-5111.jpg?fit=512%2C768\" tabindex=\"0\" role=\"button\" class=\"wp-image-195\" src=\"https:\/\/i0.wp.com\/ortsabwesen.de\/wp-content\/uploads\/Aland-2013-5111.jpg?resize=210%2C316\" alt=\"Aland 2013 511\" width=\"210\" height=\"316\" srcset=\"https:\/\/i0.wp.com\/ortsabwesen.de\/wp-content\/uploads\/Aland-2013-5111.jpg?w=512 512w, https:\/\/i0.wp.com\/ortsabwesen.de\/wp-content\/uploads\/Aland-2013-5111.jpg?resize=180%2C270 180w, https:\/\/i0.wp.com\/ortsabwesen.de\/wp-content\/uploads\/Aland-2013-5111.jpg?resize=100%2C150 100w\" sizes=\"(max-width: 210px) 100vw, 210px\" data-recalc-dims=\"1\" \/><figcaption class=\"caption wp-caption-text\">Andreas<\/figcaption><\/figure>\n<p>&nbsp;<\/p>\n<p>&nbsp;<\/p>\n<p>ER der &#8222;ruhige Pol&#8220; nimmt die Situation so wie sie kommt. ER freut sich auf die Ruhe und Abgeschiedenheit. Zu SEINEN Aufgaben geh\u00f6ren Wartung des Autos und der elektronischen Ger\u00e4te. Wenn ER dabei mal wieder etwas ungeduldig wird, verweilt ER sich mit seiner Leidenschaft der Fotografie.<\/p>\n<p>&nbsp;<\/p>\n<p>&nbsp;<\/p>\n<p>&nbsp;<\/p>\n<p>&nbsp;<\/p>\n<p>&nbsp;<\/p>\n<p>&nbsp;<\/p>\n<p>&nbsp;<\/p>\n<p>&nbsp;<\/p>\n<p>&nbsp;<\/p>\n<p>&nbsp;<\/p>\n<figure id=\"attachment_197\" class=\"thumbnail wp-caption alignleft\" style=\"width: 215px\"><img loading=\"lazy\" decoding=\"async\" data-attachment-id=\"197\" data-permalink=\"http:\/\/ortsabwesen.de\/?attachment_id=197\" data-orig-file=\"https:\/\/i0.wp.com\/ortsabwesen.de\/wp-content\/uploads\/20131003_141404.jpg?fit=2448%2C3264\" data-orig-size=\"2448,3264\" data-comments-opened=\"1\" data-image-meta=\"{&quot;aperture&quot;:&quot;2.65&quot;,&quot;credit&quot;:&quot;&quot;,&quot;camera&quot;:&quot;GT-I9100&quot;,&quot;caption&quot;:&quot;&quot;,&quot;created_timestamp&quot;:&quot;1380809643&quot;,&quot;copyright&quot;:&quot;&quot;,&quot;focal_length&quot;:&quot;3.97&quot;,&quot;iso&quot;:&quot;50&quot;,&quot;shutter_speed&quot;:&quot;0.01&quot;,&quot;title&quot;:&quot;&quot;,&quot;orientation&quot;:&quot;1&quot;}\" data-image-title=\"20131003_141404\" data-image-description=\"\" data-image-caption=\"\" data-medium-file=\"https:\/\/i0.wp.com\/ortsabwesen.de\/wp-content\/uploads\/20131003_141404.jpg?fit=202%2C270\" data-large-file=\"https:\/\/i0.wp.com\/ortsabwesen.de\/wp-content\/uploads\/20131003_141404.jpg?fit=768%2C1024\" tabindex=\"0\" role=\"button\" class=\"wp-image-197\" src=\"https:\/\/i0.wp.com\/ortsabwesen.de\/wp-content\/uploads\/20131003_141404.jpg?resize=215%2C286\" alt=\"20131003_141404\" width=\"215\" height=\"286\" srcset=\"https:\/\/i0.wp.com\/ortsabwesen.de\/wp-content\/uploads\/20131003_141404.jpg?resize=768%2C1024 768w, https:\/\/i0.wp.com\/ortsabwesen.de\/wp-content\/uploads\/20131003_141404.jpg?resize=202%2C270 202w, https:\/\/i0.wp.com\/ortsabwesen.de\/wp-content\/uploads\/20131003_141404.jpg?resize=112%2C150 112w, https:\/\/i0.wp.com\/ortsabwesen.de\/wp-content\/uploads\/20131003_141404.jpg?w=2280 2280w\" sizes=\"(max-width: 215px) 100vw, 215px\" data-recalc-dims=\"1\" \/><figcaption class=\"caption wp-caption-text\">Julia<\/figcaption><\/figure>\n<p>&nbsp;<\/p>\n<p>&nbsp;<\/p>\n<p>SIE der &#8222;Gegenpol&#8220; hat gerne die Situation im Griff und macht den &#8222;Masterplan&#8220;. SIE braucht immer eine Besch\u00e4ftigung und macht IHN damit manchmal verr\u00fcckt. Zu IHREN Aufgaben geh\u00f6ren Navigation und die Sicherung der medizinischen Versorgung. Und wenn ER mal wieder ungeduldig wird beh\u00e4lt SIE einen k\u00fchlen Kopf.<\/p>\n<p>&nbsp;<\/p>\n<p>&nbsp;<\/p>\n<p>&nbsp;<\/p>\n<p>&nbsp;<\/p>\n<p>&nbsp;<\/p>\n<p>&nbsp;<\/p>\n<p>&nbsp;<\/p>\n<p>&nbsp;<\/p>\n<p>&nbsp;<\/p>\n<figure id=\"attachment_138\" class=\"thumbnail wp-caption alignleft\" style=\"width: 222px\"><img loading=\"lazy\" decoding=\"async\" data-attachment-id=\"138\" data-permalink=\"http:\/\/ortsabwesen.de\/?attachment_id=138\" data-orig-file=\"https:\/\/i0.wp.com\/ortsabwesen.de\/wp-content\/uploads\/DSC02976.jpg?fit=2567%2C3224\" data-orig-size=\"2567,3224\" data-comments-opened=\"1\" data-image-meta=\"{&quot;aperture&quot;:&quot;2.8&quot;,&quot;credit&quot;:&quot;&quot;,&quot;camera&quot;:&quot;DSC-WX5&quot;,&quot;caption&quot;:&quot;&quot;,&quot;created_timestamp&quot;:&quot;1390137433&quot;,&quot;copyright&quot;:&quot;&quot;,&quot;focal_length&quot;:&quot;5.83&quot;,&quot;iso&quot;:&quot;800&quot;,&quot;shutter_speed&quot;:&quot;0.016666666666667&quot;,&quot;title&quot;:&quot;&quot;,&quot;orientation&quot;:&quot;1&quot;}\" data-image-title=\"DSC02976\" data-image-description=\"\" data-image-caption=\"\" data-medium-file=\"https:\/\/i0.wp.com\/ortsabwesen.de\/wp-content\/uploads\/DSC02976.jpg?fit=214%2C270\" data-large-file=\"https:\/\/i0.wp.com\/ortsabwesen.de\/wp-content\/uploads\/DSC02976.jpg?fit=815%2C1024\" tabindex=\"0\" role=\"button\" class=\"wp-image-138\" src=\"https:\/\/i0.wp.com\/ortsabwesen.de\/wp-content\/uploads\/DSC02976.jpg?resize=222%2C278\" alt=\"HorstAngelika Karte\" width=\"222\" height=\"278\" srcset=\"https:\/\/i0.wp.com\/ortsabwesen.de\/wp-content\/uploads\/DSC02976.jpg?resize=815%2C1024 815w, https:\/\/i0.wp.com\/ortsabwesen.de\/wp-content\/uploads\/DSC02976.jpg?resize=119%2C150 119w, https:\/\/i0.wp.com\/ortsabwesen.de\/wp-content\/uploads\/DSC02976.jpg?w=2280 2280w\" sizes=\"(max-width: 222px) 100vw, 222px\" data-recalc-dims=\"1\" \/><figcaption class=\"caption wp-caption-text\">Horst-Angelika<\/figcaption><\/figure>\n<p>&nbsp;<\/p>\n<p>&nbsp;<\/p>\n<p>ES &#8222;Das Wollkn\u00e4uel&#8220; geboren im Kantonsspital Aarau und Maskottchen der Reise. Wird IHN und SIE immer an die Freunde zu Hause erinnern und bei Heimweh tr\u00f6sten.<\/p>\n<p>&nbsp;<\/p>\n<p>&nbsp;<\/p>\n<p>&nbsp;<\/p>\n<p>&nbsp;<\/p>\n<p>&nbsp;<\/p>\n<p>&nbsp;<\/p>\n<p>&nbsp;<\/p>\n<p>&nbsp;<\/p>\n<p>&nbsp;<\/p>\n<p>&nbsp;<\/p>\n<p>&nbsp;<\/p>\n<figure id=\"attachment_198\" class=\"thumbnail wp-caption alignleft\" style=\"width: 307px\"><img loading=\"lazy\" decoding=\"async\" data-attachment-id=\"198\" data-permalink=\"http:\/\/ortsabwesen.de\/?attachment_id=198\" data-orig-file=\"https:\/\/i0.wp.com\/ortsabwesen.de\/wp-content\/uploads\/DSC_0319.jpg?fit=1024%2C683\" data-orig-size=\"1024,683\" data-comments-opened=\"1\" data-image-meta=\"{&quot;aperture&quot;:&quot;2.8&quot;,&quot;credit&quot;:&quot;&quot;,&quot;camera&quot;:&quot;NIKON D3100&quot;,&quot;caption&quot;:&quot;&quot;,&quot;created_timestamp&quot;:&quot;1403203167&quot;,&quot;copyright&quot;:&quot;&quot;,&quot;focal_length&quot;:&quot;16&quot;,&quot;iso&quot;:&quot;200&quot;,&quot;shutter_speed&quot;:&quot;0.0008&quot;,&quot;title&quot;:&quot;&quot;,&quot;orientation&quot;:&quot;1&quot;}\" data-image-title=\"DSC_0319\" data-image-description=\"\" data-image-caption=\"\" data-medium-file=\"https:\/\/i0.wp.com\/ortsabwesen.de\/wp-content\/uploads\/DSC_0319.jpg?fit=360%2C240\" data-large-file=\"https:\/\/i0.wp.com\/ortsabwesen.de\/wp-content\/uploads\/DSC_0319.jpg?fit=980%2C653\" tabindex=\"0\" role=\"button\" class=\"wp-image-198\" src=\"https:\/\/i0.wp.com\/ortsabwesen.de\/wp-content\/uploads\/DSC_0319.jpg?resize=307%2C304\" alt=\"DSC_0319\" width=\"307\" height=\"304\" data-recalc-dims=\"1\" \/><figcaption class=\"caption wp-caption-text\">Johnny<\/figcaption><\/figure>\n<p>&nbsp;<\/p>\n<p>&nbsp;<\/p>\n<p>DER &#8222;Unverw\u00fcstliche&#8220; auch wenn schon viele Kilometer auf dem Buckel ist er ein zuverl\u00e4ssiger Gef\u00e4hrte. Als fahrende 1-Zimmerwohnung mit Open-Air Dusche ist er unser Zuhause f\u00fcr 1 Jahr.<\/p>\n<p>&nbsp;<\/p>\n","protected":false},"excerpt":{"rendered":"<p>WIR &#8211; Andreas, Julia und Horst-Angelika haben einen gemeinsamen Traum: die Nationalparks von Patagonien! Nach ausf\u00fchrlicher Recherche steht der Plan fest. Wir m\u00f6chten S\u00fcdamerika entlang der ber\u00fchmten Panamericana entdecken. &nbsp; &nbsp; &nbsp; ER der &#8222;ruhige Pol&#8220; nimmt die Situation so &hellip; <a href=\"http:\/\/ortsabwesen.de\/?page_id=137\">Weiter<\/a><\/p>\n","protected":false},"author":2,"featured_media":0,"parent":0,"menu_order":0,"comment_status":"open","ping_status":"open","template":"","meta":{"jetpack_post_was_ever_published":false,"footnotes":""},"jetpack_sharing_enabled":true,"jetpack_shortlink":"https:\/\/wp.me\/P5lpDm-2d","_links":{"self":[{"href":"http:\/\/ortsabwesen.de\/index.php?rest_route=\/wp\/v2\/pages\/137"}],"collection":[{"href":"http:\/\/ortsabwesen.de\/index.php?rest_route=\/wp\/v2\/pages"}],"about":[{"href":"http:\/\/ortsabwesen.de\/index.php?rest_route=\/wp\/v2\/types\/page"}],"author":[{"embeddable":true,"href":"http:\/\/ortsabwesen.de\/index.php?rest_route=\/wp\/v2\/users\/2"}],"replies":[{"embeddable":true,"href":"http:\/\/ortsabwesen.de\/index.php?rest_route=%2Fwp%2Fv2%2Fcomments&post=137"}],"version-history":[{"count":19,"href":"http:\/\/ortsabwesen.de\/index.php?rest_route=\/wp\/v2\/pages\/137\/revisions"}],"predecessor-version":[{"id":211,"href":"http:\/\/ortsabwesen.de\/index.php?rest_route=\/wp\/v2\/pages\/137\/revisions\/211"}],"wp:attachment":[{"href":"http:\/\/ortsabwesen.de\/index.php?rest_route=%2Fwp%2Fv2%2Fmedia&parent=137"}],"curies":[{"name":"wp","href":"https:\/\/api.w.org\/{rel}","templated":true}]}}