{"id":3372,"date":"2023-10-16T19:42:16","date_gmt":"2023-10-16T17:42:16","guid":{"rendered":"http:\/\/ortsabwesen.de\/?page_id=3372"},"modified":"2023-10-16T19:42:16","modified_gmt":"2023-10-16T17:42:16","slug":"lima-ruinen-chan-chan-zorritos-peru","status":"publish","type":"page","link":"http:\/\/ortsabwesen.de\/?page_id=3372","title":{"rendered":"Lima &#8211; Ruinen Chan Chan &#8211; Zorritos, Peru"},"content":{"rendered":"<p>froh alles repariert zu haben, fahren wir los. Nach ca. 250 km pl\u00f6tzlich ein lautes metallisches ger\u00e4usch und das Auto bleibt stehen. Was zu Teufel war das?! Schnell finden wir heraus, dass ein Reifen blockiert hat. Haben die in der Werkstatt doch die Radlager zu fest angezogen? Es hilft nichts wir brauchen einen Mechaniker. Zum Gl\u00fcck sind wir gerade in den Ort <b>Aycahualas<\/b>\u00a0 gefahren. Julia macht sich mit dem Taxi auf und kommt tats\u00e4chlich mit einem Mechaniker zur\u00fcck. Und dann sehen wir das ganze ausmass der Zerst\u00f6rung! Ein schraubenkopf ist abgebrochen hat sich verkeilt und damit die Bremsscheibe gesprengt. Verzweiflung macht sich breit, aber &#8230;. behauptet man k\u00f6nne das Schweissen. Er braucht nur eine Stunde. Das h\u00f6rt sich gut an. Wir warten und es werden 3 Stunden. In der Zwischenzeit kommen die Schulkinder an uns vorbei, rufen &#8222;Gringos, Gringos!&#8220; Wir f\u00fchlen uns nicht ganz so wohl. Aber pl\u00f6tzlich steht ein Mann mit einem Teller essen vor uns, er habe uns von gegen\u00fcber gesehen, wir haben doch sicher Hunger! Und eine andere Frau l\u00e4sst uns ihre Toilette benutzten und gibt \u00a0uns noch 2 Avocados aus ihrem Garten mit. Ein \u00d6mchen in traditioneller Tracht fragt, ob wir sie mit nach Europa nehmen, sie w\u00fcrde dies so gern mal sehen.<br \/>\nWir bleiben eine Nacht im Hotel und am n\u00e4chsten Morgen tauscht &#8230;.noch die Schrauben der anderen Bremsscheiben, die H\u00e4lfte davon ist n\u00e4mlich auch gebrochen. W\u00e4hrend dessen fragt seine Tochter verst\u00e4ndnislos, warum Julia so kurze Haare hat, warum wir eine andere Sprache sprechen, wieso wir schon so alt sind und noch keine Kinder haben und so weiter. Julia freundet sich mit der kleinen an und malt mit ihr und macht Hausaufgaben. Als wir die Werkstatt verlassen, m\u00fcssen wir ihr versprechen wieder zu kommen.<\/p>\n<p>Wir fahren nach Ayacucho, doch es ist schon dunkel als wir in dieser riesen Stadt mit engen und steilen Strassen ankommen. Die beiden Stellpl\u00e4tze aus iOverlander existieren nicht mehr und so wollen wir aus der Stadt raus um an einer Tankstelle zu \u00fcbernachten. Die ganze Stadt ist uns nicht geheuer!<\/p>\n<p>Wir schlafen grauenvoll schlecht und fahren um 6 Uhr los. Denn wir wollen nach Lima. Es ist uns unheimlich mit einer geschweissten Bremsscheibe zu fahren. Bei jedem Ger\u00e4usch, jedem Geruch nach Gummi, halten wir an rennen voll Panik ums Auto. Zu all dem scheint unsere Zylinderkopfdichtung kaputt zu sein und so kontrollieren wir auch st\u00e4ndig den \u00d6lstand.<\/p>\n<p>Endlich in Paracas an unserem bekannten Kitesurfstrand angekommen ist die Stimmung bei Julia auf dem Nullpunkt. Da hilft nur noch viel Bier und den Kite fliegen zu lassen, welcher uns Hendrik geschenkt hat.<\/p>\n<p>Wir schaffen es am n\u00e4chsten Morgen ohne Komplikationen in die Landrover-Werkstatt in Lima. Sie haben Bremscheiben und Zylinderkopfdichtung da und am Montag k\u00f6nnen sie alles machen. Also auf zum Hitchhikers &amp; Backpackers wo wir mal wieder auf andere Overlander\u00a0treffen. Die lustigen Belgier Geraldine und Christoph heben schnell die Stimmung und auch Hanna und Dan aus Kanada lenken uns<\/p>\n<p>von den Strapazen der letzten Woche ab.<\/p>\n<p>Am Montag ist dann alles repariert, der Preis wurde nat\u00fcrlich vorher verhandelt&#8230; Noch kurz zu bemerken ist, dass die Werksstatt in Cusco auch minderwertiges Fett f\u00fcr die Radlager verwendet hat! Wir haben noch eine R\u00fcckmelden \u00fcber Raymonde und Thomi an den Werkstattleiter gemacht und er hat uns die Schuld gegeben, wir h\u00e4tten ihn so bei der Arbeit gedr\u00e4ngt! Frechheit!<\/p>\n<p>Zusammenfassung: 4 Werkst\u00e4tten in 1 Woche, neue Radlager, Bremsbel\u00e4ge, Bremsscheiben und Zylinderkopfdichtung<\/p>\n<p>Ihr versteht, dass wir in dieser Zeit einfach nicht in der Stimmung waren viele Fotos zu machen&#8230;<\/p>\n<p>Um etwas Zeit aufzuholen und weil wir jetzt endlich in die W\u00e4rme wollen, fahren wir entlang der K\u00fcste in den Norden Perus. Dabei besuchen wir den Parque Lachay, wo wir auf Gerret und Els aus Holland treffen, die Ruinen von Chan Chan und landen endlich am Strand von Zorritos. Wir bleiben 4 Tage in der H\u00e4ngematte und bewegen uns nur um zu Kiten, womit wir auch gleich Oso den peruanischen Nackthund des Campingplatzbesitzers bespassen. Ach, ist das Leben sch\u00f6n!<\/p>\n<p>&nbsp;<\/p>\n","protected":false},"excerpt":{"rendered":"<p>froh alles repariert zu haben, fahren wir los. Nach ca. 250 km pl\u00f6tzlich ein lautes metallisches ger\u00e4usch und das Auto bleibt stehen. Was zu Teufel war das?! Schnell finden wir heraus, dass ein Reifen blockiert hat. Haben die in der &hellip; <a href=\"http:\/\/ortsabwesen.de\/?page_id=3372\">Weiter<\/a><\/p>\n","protected":false},"author":2,"featured_media":0,"parent":0,"menu_order":0,"comment_status":"open","ping_status":"open","template":"","meta":{"jetpack_post_was_ever_published":false,"footnotes":""},"jetpack_sharing_enabled":true,"jetpack_shortlink":"https:\/\/wp.me\/P5lpDm-So","_links":{"self":[{"href":"http:\/\/ortsabwesen.de\/index.php?rest_route=\/wp\/v2\/pages\/3372"}],"collection":[{"href":"http:\/\/ortsabwesen.de\/index.php?rest_route=\/wp\/v2\/pages"}],"about":[{"href":"http:\/\/ortsabwesen.de\/index.php?rest_route=\/wp\/v2\/types\/page"}],"author":[{"embeddable":true,"href":"http:\/\/ortsabwesen.de\/index.php?rest_route=\/wp\/v2\/users\/2"}],"replies":[{"embeddable":true,"href":"http:\/\/ortsabwesen.de\/index.php?rest_route=%2Fwp%2Fv2%2Fcomments&post=3372"}],"version-history":[{"count":2,"href":"http:\/\/ortsabwesen.de\/index.php?rest_route=\/wp\/v2\/pages\/3372\/revisions"}],"predecessor-version":[{"id":3782,"href":"http:\/\/ortsabwesen.de\/index.php?rest_route=\/wp\/v2\/pages\/3372\/revisions\/3782"}],"wp:attachment":[{"href":"http:\/\/ortsabwesen.de\/index.php?rest_route=%2Fwp%2Fv2%2Fmedia&parent=3372"}],"curies":[{"name":"wp","href":"https:\/\/api.w.org\/{rel}","templated":true}]}}